{"id":83499,"date":"2025-11-04T12:57:54","date_gmt":"2025-11-04T11:57:54","guid":{"rendered":"https:\/\/delicatisserie.com\/?post_type=product&#038;p=83499"},"modified":"2025-12-08T15:33:10","modified_gmt":"2025-12-08T14:33:10","slug":"chocolate-praline-and-buckwheat-christmas-log-copie-2","status":"publish","type":"product","link":"https:\/\/delicatisserie.com\/en\/product\/chocolate-praline-and-buckwheat-christmas-log-copie-2\/","title":{"rendered":"Chocolate cardamom Yule log"},"content":{"rendered":"<p style=\"padding-bottom: 0; font-weight: 300;\">The crispness of the shortbread, the richness of the brownie, the crunch of pecan pieces, the lightness of the mousse, the melt-in-the-mouth Cr\u00e9meux&#8230; With its interplay of textures and the slightly lemony freshness of green cardamom, this interpretation of the traditional chocolate log elegantly combines comforting flavours to delight young and old alike. <\/p>\n<p style=\"padding-bottom: 0; color: #846d00; font-weight: 300;\">To share for 6 people or individually.<\/p>\n","protected":false},"excerpt":{"rendered":"<p style=\"padding-bottom: 0; font-variant: small-caps!important;\">Crunchy shortbread with 70% dark chocolate, Charentes-Poitou PDO butter, True Gold* cocoa powder, cr\u00eape dentelle, pecan pieces and fleur de sel. Dark chocolate brownie, chocolate chips, pecan pieces. 64% dark chocolate Cr\u00e9meux with cream infused with green cardamom seeds. Pecan pralin\u00e9. Light dark chocolate mousse. Decoration: chocolate ganache; Crimson Red* cocoa powder and 70% dark chocolate. *DeZaan.      <\/p>\n<p style=\"padding-bottom: 0; color: #846d00; font-weight: 300;\">To share for 6 people or individually.<\/p>\n<p style=\"padding-bottom: 0; font-variant: small-caps!important;\">Allergens: gluten, milk, eggs, nuts, soya, fish gelatine.<\/p>\n","protected":false},"featured_media":83512,"template":"","meta":{"_et_pb_use_builder":"","_et_pb_old_content":"","_et_gb_content_width":""},"product_brand":[],"product_cat":[211],"product_tag":[441],"class_list":{"0":"post-83499","1":"product","2":"type-product","3":"status-publish","4":"has-post-thumbnail","6":"product_cat-christmas-dessert","7":"product_tag-2025-en","8":"product_shipping_class-forfait-livraison-en","10":"first","11":"outofstock","12":"taxable","13":"shipping-taxable","14":"purchasable","15":"product-type-variable","16":"has-default-attributes"},"group_of_quantity":0,"min_quantity":0,"max_quantity":"","exclude_order_quantity_value_rules":"no","exclude_category_quantity_rules":"no","combine_variations":"no","exclude_global_add_ons":[],"addons":[],"_links":{"self":[{"href":"https:\/\/delicatisserie.com\/en\/wp-json\/wp\/v2\/product\/83499","targetHints":{"allow":["GET"]}}],"collection":[{"href":"https:\/\/delicatisserie.com\/en\/wp-json\/wp\/v2\/product"}],"about":[{"href":"https:\/\/delicatisserie.com\/en\/wp-json\/wp\/v2\/types\/product"}],"wp:featuredmedia":[{"embeddable":true,"href":"https:\/\/delicatisserie.com\/en\/wp-json\/wp\/v2\/media\/83512"}],"wp:attachment":[{"href":"https:\/\/delicatisserie.com\/en\/wp-json\/wp\/v2\/media?parent=83499"}],"wp:term":[{"taxonomy":"product_brand","embeddable":true,"href":"https:\/\/delicatisserie.com\/en\/wp-json\/wp\/v2\/product_brand?post=83499"},{"taxonomy":"product_cat","embeddable":true,"href":"https:\/\/delicatisserie.com\/en\/wp-json\/wp\/v2\/product_cat?post=83499"},{"taxonomy":"product_tag","embeddable":true,"href":"https:\/\/delicatisserie.com\/en\/wp-json\/wp\/v2\/product_tag?post=83499"}],"curies":[{"name":"wp","href":"https:\/\/api.w.org\/{rel}","templated":true}]}}