{"id":29637,"date":"2023-10-18T11:13:16","date_gmt":"2023-10-18T09:13:16","guid":{"rendered":"https:\/\/delicatisserie.com\/?post_type=product&#038;p=29637"},"modified":"2024-04-07T16:26:02","modified_gmt":"2024-04-07T14:26:02","slug":"offrir-une-masterclass","status":"publish","type":"product","link":"https:\/\/delicatisserie.com\/en\/product\/offrir-une-masterclass\/","title":{"rendered":"Offrir une masterclass"},"content":{"rendered":"","protected":false},"excerpt":{"rendered":"<p>Offrir une masterclass avec Nina M\u00e9tayer (valide 1 an \u00e0 date d\u2019achat). L\u2019heureux b\u00e9n\u00e9ficiaire pourra choisir parmi les masterclass qui sont propos\u00e9es pendant l&#8217;ann\u00e9e par la chef Nina M\u00e9tayer. L&#8217;inscription \u00e0 notre lettre gourmande permet au b\u00e9n\u00e9ficiaire d&#8217;\u00eatre alert\u00e9 de prochaines dates.<br \/>\nLe code de la carte permet de r\u00e9aliser le paiement pour une ou des masterclass pendant 1 an. Cette carte cadeau est limit\u00e9e la r\u00e9servation de masterclass et ce montant unique ne peut \u00eatre utiliser sur d&#8217;autres produits du site.<br \/>\n<a href=\"https:\/\/delicatisserie.com\/conditions-generales-de-vente\/\" target=\"_blank\" title=\"Acc\u00e9der \u00e0 nos conditions g\u00e9n\u00e9rales de ventes dans un nouvel onglet\" rel=\"noopener\">* Voir conditions g\u00e9n\u00e9rales<\/a>.<\/p>\n","protected":false},"featured_media":19781,"template":"","meta":{"_et_pb_use_builder":"","_et_pb_old_content":"","_et_gb_content_width":""},"product_brand":[],"product_cat":[296],"product_tag":[322],"class_list":{"0":"post-29637","1":"product","2":"type-product","3":"status-publish","4":"has-post-thumbnail","6":"product_cat-cartes-cadeaux","7":"product_tag-322","9":"first","10":"outofstock","11":"downloadable","12":"virtual","13":"taxable","14":"purchasable","15":"product-type-simple"},"group_of_quantity":0,"min_quantity":0,"max_quantity":"","exclude_order_quantity_value_rules":"no","exclude_category_quantity_rules":"no","combine_variations":"no","exclude_global_add_ons":[],"addons":[],"_links":{"self":[{"href":"https:\/\/delicatisserie.com\/en\/wp-json\/wp\/v2\/product\/29637","targetHints":{"allow":["GET"]}}],"collection":[{"href":"https:\/\/delicatisserie.com\/en\/wp-json\/wp\/v2\/product"}],"about":[{"href":"https:\/\/delicatisserie.com\/en\/wp-json\/wp\/v2\/types\/product"}],"wp:featuredmedia":[{"embeddable":true,"href":"https:\/\/delicatisserie.com\/en\/wp-json\/wp\/v2\/media\/19781"}],"wp:attachment":[{"href":"https:\/\/delicatisserie.com\/en\/wp-json\/wp\/v2\/media?parent=29637"}],"wp:term":[{"taxonomy":"product_brand","embeddable":true,"href":"https:\/\/delicatisserie.com\/en\/wp-json\/wp\/v2\/product_brand?post=29637"},{"taxonomy":"product_cat","embeddable":true,"href":"https:\/\/delicatisserie.com\/en\/wp-json\/wp\/v2\/product_cat?post=29637"},{"taxonomy":"product_tag","embeddable":true,"href":"https:\/\/delicatisserie.com\/en\/wp-json\/wp\/v2\/product_tag?post=29637"}],"curies":[{"name":"wp","href":"https:\/\/api.w.org\/{rel}","templated":true}]}}