{"id":17246,"date":"2022-10-21T09:59:19","date_gmt":"2022-10-21T07:59:19","guid":{"rendered":"https:\/\/delicatisserie.com\/?post_type=product&#038;p=17246"},"modified":"2025-01-27T18:01:21","modified_gmt":"2025-01-27T17:01:21","slug":"carte-cadeau","status":"publish","type":"product","link":"https:\/\/delicatisserie.com\/en\/product\/carte-cadeau\/","title":{"rendered":"Offrir une carte cadeau"},"content":{"rendered":"","protected":false},"excerpt":{"rendered":"<p>Choisissez la valeur de votre &#8220;carte g\u00e2teau&#8221; (valide 1 an \u00e0 date d\u2019achat). L\u2019heureux b\u00e9n\u00e9ficiaire pourra choisir ses gourmandises, exclusivement sur le site delicatisserie.com ainsi que son point de retrait gratuit (Paris et Issy-les-Moulineaux).<br \/>\nLe code de la carte permet de r\u00e9aliser plusieurs commandes jusqu\u2019\u00e0 expiration totale de sa valeur pendant 1 an. Par exemple, avec une carte cadeau de 100\u20ac, 4 commandes de 25\u20ac ! Si une commande d\u00e9passe le montant encore disponible, il suffit au b\u00e9n\u00e9ficiaire de r\u00e9gler la diff\u00e9rence.<br \/>\n<a href=\"https:\/\/delicatisserie.com\/conditions-generales-de-vente\/\" target=\"_blank\" title=\"Acc\u00e9der \u00e0 nos conditions g\u00e9n\u00e9rales de ventes dans un nouvel onglet\" rel=\"noopener\">* Voir conditions g\u00e9n\u00e9rales<\/a>.<\/p>\n","protected":false},"featured_media":19781,"template":"","meta":{"_et_pb_use_builder":"","_et_pb_old_content":"","_et_gb_content_width":""},"product_brand":[],"product_cat":[296],"product_tag":[233],"class_list":{"0":"post-17246","1":"product","2":"type-product","3":"status-publish","4":"has-post-thumbnail","6":"product_cat-cartes-cadeaux","7":"product_tag-233","9":"first","10":"instock","11":"taxable","12":"shipping-taxable","13":"purchasable","14":"product-type-variable"},"group_of_quantity":0,"min_quantity":0,"max_quantity":"","exclude_order_quantity_value_rules":"no","exclude_category_quantity_rules":"no","combine_variations":"no","exclude_global_add_ons":[],"addons":[],"_links":{"self":[{"href":"https:\/\/delicatisserie.com\/en\/wp-json\/wp\/v2\/product\/17246","targetHints":{"allow":["GET"]}}],"collection":[{"href":"https:\/\/delicatisserie.com\/en\/wp-json\/wp\/v2\/product"}],"about":[{"href":"https:\/\/delicatisserie.com\/en\/wp-json\/wp\/v2\/types\/product"}],"wp:featuredmedia":[{"embeddable":true,"href":"https:\/\/delicatisserie.com\/en\/wp-json\/wp\/v2\/media\/19781"}],"wp:attachment":[{"href":"https:\/\/delicatisserie.com\/en\/wp-json\/wp\/v2\/media?parent=17246"}],"wp:term":[{"taxonomy":"product_brand","embeddable":true,"href":"https:\/\/delicatisserie.com\/en\/wp-json\/wp\/v2\/product_brand?post=17246"},{"taxonomy":"product_cat","embeddable":true,"href":"https:\/\/delicatisserie.com\/en\/wp-json\/wp\/v2\/product_cat?post=17246"},{"taxonomy":"product_tag","embeddable":true,"href":"https:\/\/delicatisserie.com\/en\/wp-json\/wp\/v2\/product_tag?post=17246"}],"curies":[{"name":"wp","href":"https:\/\/api.w.org\/{rel}","templated":true}]}}